{"id":392,"date":"2012-02-02T15:09:31","date_gmt":"2012-02-02T15:09:31","guid":{"rendered":"http:\/\/maerchenhotel.com\/\/?page_id=392"},"modified":"2015-10-05T18:11:22","modified_gmt":"2015-10-05T16:11:22","slug":"fairy-tale-hotel","status":"publish","type":"page","link":"https:\/\/maerchenhotel.com\/en\/hotel-mosel\/fairy-tale-hotel\/","title":{"rendered":"Fairy-Tale Hotel"},"content":{"rendered":"<h1>Our fairy tale rooms<\/h1>\n<p>The themed hotel is made of individually named rooms, each sculpted like a different fairy tale. With charm and character, each room will transport you to a magical world. We offer many packages to make your stay in Bernkastel a pleasant experience and lets you take in the wine culture of the region.<\/p>\n<p>Our goal is to make our guests feel like royalty, and to animate them to go out and explore this great wine growing region.<\/p>\n<figure><img decoding=\"async\" loading=\"lazy\" class=\"alignnone size-full wp-image-6879\" src=\"https:\/\/maerchenhotel.com\/wp-content\/uploads\/zimmer_start.jpg\" alt=\"zimmer_start\" width=\"1244\" height=\"519\" srcset=\"https:\/\/maerchenhotel.com\/wp-content\/uploads\/zimmer_start.jpg 1244w, https:\/\/maerchenhotel.com\/wp-content\/uploads\/zimmer_start-150x63.jpg 150w, https:\/\/maerchenhotel.com\/wp-content\/uploads\/zimmer_start-300x125.jpg 300w, https:\/\/maerchenhotel.com\/wp-content\/uploads\/zimmer_start-1055x440.jpg 1055w\" sizes=\"(max-width: 1244px) 100vw, 1244px\" \/><\/figure>\n<p>view the rooms<\/p>\n<p><div id=\"hotelzimmerteaser\" class=\"teaser\"><div class=\"row\"><div class=\"col-lg-3 col-md-6 col-sm-12 teaseritem\"><img src=\"https:\/\/maerchenhotel.com\/wp-content\/uploads\/Teaser_F56318974_Couple_RET.jpg\" alt=\"Honeymoon\" class=\"fleximg\"><h3 class=\"h2\">Honeymoon<\/h3><div class=\"teaser_excerpt\">3 nights in a romatic room with breakfast from our buffet or breakfast in bed<br \/>\r\n* champagne reception with fresh flowers, fresh fruit and a sweet surprise<br \/>\r\n* romantic bath in our spa or a jacuzzi session<br \/>\r\n* one gourmet dinner in our restaurant (5 courses)<br \/>\r\n<br \/>\r\nPrice p.p.<p class=\"preisab\"> 359,- \u20ac <\/p><\/div><a href=\"https:\/\/maerchenhotel.com\/en\/maerchenhotel-mosel\/arrangement\/honeymoon-2\/\" class=\"more-link\">more<\/a><\/div><div class=\"col-lg-3 col-md-6 col-sm-12 teaseritem\"><img src=\"https:\/\/maerchenhotel.com\/wp-content\/uploads\/Teaser_Moselschnee_RET_2.jpg\" alt=\"Winter fairy-tale\" class=\"fleximg\"><h3 class=\"h2\">Winter fairy-tale<\/h3><div class=\"teaser_excerpt\">2 nights<br \/>\r\n* 2 lie-in breakfasts (8:30 \u2013 11:00)<br \/>\r\n* 1 three course meal<br \/>\r\n* candle light lavender bath in our spa<br \/>\r\n* jacuzzi session in our spa with champagne and a small snack<br \/>\r\n<br \/>\r\nPrice p.p. from<p class=\"preisab\"> 184,- \u20ac <\/p><\/div><a href=\"https:\/\/maerchenhotel.com\/en\/maerchenhotel-mosel\/arrangement\/winter-fairy-tale\/\" class=\"more-link\">more<\/a><\/div><div class=\"col-lg-3 col-md-6 col-sm-12 teaseritem\"><img src=\"https:\/\/maerchenhotel.com\/wp-content\/uploads\/Teaser_F18451728_Feuerwerk.jpg\" alt=\"Winefestival\" class=\"fleximg\"><h3 class=\"h2\">Winefestival<\/h3><div class=\"teaser_excerpt\">5 nights with breakfast<br \/>\r\n5*half board<br \/>\r\nbig fireworks<br \/>\r\nwinegrower parade<br \/>\r\nartcraftsman-market<br \/>\r\ndaily music events\u2026<br \/>\r\n<br \/>\r\nPrice p.p. from<p class=\"preisab\"> 410,- \u20ac <\/p><\/div><a href=\"https:\/\/maerchenhotel.com\/en\/maerchenhotel-mosel\/arrangement\/winefestival\/\" class=\"more-link\">more<\/a><\/div><div class=\"col-lg-3 col-md-6 col-sm-12 teaseritem\"><img src=\"https:\/\/maerchenhotel.com\/wp-content\/uploads\/Teaser_Panorama_Marktplatz.jpg\" alt=\"Christmas lights\" class=\"fleximg\"><h3 class=\"h2\">Christmas lights<\/h3><div class=\"teaser_excerpt\">2 overnights stays with breakfast at the fireside<br \/>\r\nraclett evening with wine tasting<br \/>\r\nfine menue (3-courses)<br \/>\r\nSaunaevening wiht honey treatmment<br \/>\r\nromantic-bath for two with drinks and snacks<br \/>\r\n<br \/>\r\nPrice p.p. from<p class=\"preisab\"> 219,- \u20ac <\/p><\/div><a href=\"https:\/\/maerchenhotel.com\/en\/maerchenhotel-mosel\/arrangement\/lights-of-advent\/\" class=\"more-link\">more<\/a><\/div><\/div><\/div><br \/>\n<div class=\"beige_wrap\"><div class=\"frosch\"><\/div><div class=\"beige\"><\/p>\n<h1>Our\u00a0Arrangements<\/h1>\n<p>Our flat-rate arrangements bundel all the highlights of the wine culture and landscape of the Moselle region. Here you will find a multitude of offers for your getaway for any time of the year.<\/p>\n<p>Among other things, we offer winetasting, romantic baths for couples, sightseeing flights, gourmet menus, candle-light-dinners, trips to gatherings, couple-wellness, breakfast at an open fireplace, rides in historical carriages, and more. The M\u00e4rchenhotel becomes especially cozy in the cooler seasons.<\/p>\n<p><a class=\"button\" href=\"https:\/\/maerchenhotel.com\/en\/fairy-tale-hotel-start\/arrangements\/\">to the\u00a0Arrangements<\/a><\/p>\n<figure><img decoding=\"async\" loading=\"lazy\" class=\"alignnone size-full wp-image-6886\" src=\"https:\/\/maerchenhotel.com\/wp-content\/uploads\/arrangements_hotelstart.jpg\" alt=\"arrangements_hotelstart\" width=\"1248\" height=\"520\" srcset=\"https:\/\/maerchenhotel.com\/wp-content\/uploads\/arrangements_hotelstart.jpg 1248w, https:\/\/maerchenhotel.com\/wp-content\/uploads\/arrangements_hotelstart-150x63.jpg 150w, https:\/\/maerchenhotel.com\/wp-content\/uploads\/arrangements_hotelstart-300x125.jpg 300w, https:\/\/maerchenhotel.com\/wp-content\/uploads\/arrangements_hotelstart-1055x440.jpg 1055w\" sizes=\"(max-width: 1248px) 100vw, 1248px\" \/><\/figure>\n<p><div id=\"hotelarrangementteaser\" class=\"teaser\"><div class=\"lightbg\"><div class=\"row\"><div class=\"col-lg-3 col-md-6 col-sm-12 teaseritem\"><img src=\"https:\/\/maerchenhotel.com\/wp-content\/uploads\/Teaser_F64176670_Ringe.jpg\" alt=\"One night in paradise\" class=\"fleximg\"><h3 class=\"h2\">One night in paradise<\/h3><div class=\"teaser_excerpt\">1 night in a romantic room<br \/>\r\n* a jacuzzi session in the afternoon in our spa with champagne and canapes<br \/>\r\n* Candle light 5 course meal with corresponding wines<br \/>\r\n* ...<br \/>\r\n<br \/>\r\nPrice p.p.<p class=\"preisab\"> 199,- \u20ac <\/p><\/div><a href=\"https:\/\/maerchenhotel.com\/en\/maerchenhotel-mosel\/arrangement\/one-night-in-paradise-2\/\" class=\"more-link\">more<\/a><\/div><div class=\"col-lg-3 col-md-6 col-sm-12 teaseritem\"><img src=\"https:\/\/maerchenhotel.com\/wp-content\/uploads\/Teaser_Rapunzel_4299.jpg\" alt=\"Romantic Moments\" class=\"fleximg\"><h3 class=\"h2\">Romantic Moments<\/h3><div class=\"teaser_excerpt\">* a bottle of \"Rotk\u00e4ppchen\"-sparkling wine with canap\u00e9s<br \/>\r\n* 2 nights with breakfast from the buffet or in your room<br \/>\r\n* 1 three-courses-dinner<p class=\"preisab\"> 139 <\/p><\/div><a href=\"https:\/\/maerchenhotel.com\/en\/maerchenhotel-mosel\/arrangement\/romantic-moments\/\" class=\"more-link\">more<\/a><\/div><div class=\"col-lg-3 col-md-6 col-sm-12 teaseritem\"><img src=\"https:\/\/maerchenhotel.com\/wp-content\/uploads\/Teaser_F56318974_Couple_RET.jpg\" alt=\"Honeymoon\" class=\"fleximg\"><h3 class=\"h2\">Honeymoon<\/h3><div class=\"teaser_excerpt\">3 nights in a romatic room with breakfast from our buffet or breakfast in bed<br \/>\r\n* champagne reception with fresh flowers, fresh fruit and a sweet surprise<br \/>\r\n* romantic bath in our spa or a jacuzzi session<br \/>\r\n* one gourmet dinner in our restaurant (5 courses)<br \/>\r\n<br \/>\r\nPrice p.p.<p class=\"preisab\"> 359,- \u20ac <\/p><\/div><a href=\"https:\/\/maerchenhotel.com\/en\/maerchenhotel-mosel\/arrangement\/honeymoon-2\/\" class=\"more-link\">more<\/a><\/div><div class=\"col-lg-3 col-md-6 col-sm-12 teaseritem\"><img src=\"https:\/\/maerchenhotel.com\/wp-content\/uploads\/Teaser_F58356837_Sektflasche1.jpg\" alt=\"New Year&#8217;s Eve\" class=\"fleximg\"><h3 class=\"h2\">New Year&#8217;s Eve<\/h3><div class=\"teaser_excerpt\">4 nights with breakfast<br \/>\r\n*\u00a03 feasts<br \/>\r\n*\u00a0extendet breakfast at new year's day<br \/>\r\n*\u00a0guest reception by the mayor of Bernkastel<br \/>\r\n*\u00a0\"Sternstunde\" Gala Menu on New Years eve from 7.30 p.m.<br \/>\r\n<br \/>\r\nprice p.p. from<p class=\"preisab\"> 365,- \u20ac <\/p><\/div><a href=\"https:\/\/maerchenhotel.com\/en\/maerchenhotel-mosel\/arrangement\/new-years-eve\/\" class=\"more-link\">more<\/a><\/div><\/div><\/div><\/div><br \/>\n<\/div><\/div><\/p>\n<h1>Unsere M\u00e4rchenk\u00fcche<\/h1>\n<p>Das Restaurant mit viel Romantik liefert das Ambiente zu dem, was K\u00fcche und Keller zu bieten haben: Und das ist jeden Abend vom Feinsten. Klassische Gourmetgerichte, aber auch regionale und internationale Spezialit\u00e4ten, serviert mit dem dazu passenden Mosel-Rieslingwein, bringen einen verw\u00f6hnten Gaumen zum Schw\u00e4rmen.<\/p>\n<p><a class=\"button\" href=\"https:\/\/maerchenhotel.com\/restaurant-mosel\/restaurant\/\">Zum Restaurant<\/a><\/p>\n<figure><img decoding=\"async\" loading=\"lazy\" class=\"alignnone size-full wp-image-6887\" src=\"https:\/\/maerchenhotel.com\/wp-content\/uploads\/restaurant_hotel_start.jpg\" alt=\"restaurant_hotel_start\" width=\"1249\" height=\"519\" srcset=\"https:\/\/maerchenhotel.com\/wp-content\/uploads\/restaurant_hotel_start.jpg 1249w, https:\/\/maerchenhotel.com\/wp-content\/uploads\/restaurant_hotel_start-150x62.jpg 150w, https:\/\/maerchenhotel.com\/wp-content\/uploads\/restaurant_hotel_start-300x125.jpg 300w, https:\/\/maerchenhotel.com\/wp-content\/uploads\/restaurant_hotel_start-1055x438.jpg 1055w\" sizes=\"(max-width: 1249px) 100vw, 1249px\" \/><\/figure>\n<div id=\"restaurantteaser\" class=\"teaser\"><div class=\"lightbg\"><div class=\"row\"><div class=\"col-lg-3 col-md-6 col-sm-12 teaseritem\"><img src=\"https:\/\/maerchenhotel.com\/wp-content\/uploads\/Werbung_WellnessDining.jpg\" alt=\"Wellness &#038; Dining\" class=\"fleximg\"><h3 class=\"h2\">Wellness &#038; Dining<\/h3><div class=\"teaser_excerpt\">whirlpool in private atmosphere with sprakling wine<br \/>\r\n<br \/>\r\nafterwards a 3-courses Candle-Light-Menu in our restaurant \u201eanno 1640\u201c with a bottle of Riesling-wine<p class=\"preisab\"> 79,- \u20ac <\/p><\/div><a href=\"https:\/\/maerchenhotel.com\/en\/aktionen\/wellness-dining-2\/\" class=\"more-link\">more<\/a><\/div><div class=\"col-lg-3 col-md-6 col-sm-12 teaseritem\"><img src=\"https:\/\/maerchenhotel.com\/wp-content\/uploads\/Teaser_Moselschnee_RET_2.jpg\" alt=\"Winter fairy-tale\" class=\"fleximg\"><h3 class=\"h2\">Winter fairy-tale<\/h3><div class=\"teaser_excerpt\">2 nights<br \/>\r\n* 2 lie-in breakfasts (8:30 \u2013 11:00)<br \/>\r\n* 1 three course meal<br \/>\r\n* candle light lavender bath in our spa<br \/>\r\n* jacuzzi session in our spa with champagne and a small snack<br \/>\r\n<br \/>\r\nPrice p.p. from<p class=\"preisab\"> 184,- \u20ac <\/p><\/div><a href=\"https:\/\/maerchenhotel.com\/en\/maerchenhotel-mosel\/arrangement\/winter-fairy-tale\/\" class=\"more-link\">more<\/a><\/div><div class=\"col-lg-3 col-md-6 col-sm-12 teaseritem\"><img src=\"https:\/\/maerchenhotel.com\/wp-content\/uploads\/Teaser_DSC9837.jpg\" alt=\"The wine of the Gods\" class=\"fleximg\"><h3 class=\"h2\">The wine of the Gods<\/h3><div class=\"teaser_excerpt\">2 nights<br \/>\r\nbreakfast from the buffet<br \/>\r\ngourmetevening with in participation of wine (6-courses)<br \/>\r\nvisiting of the vinothek and the winemuseum<br \/>\r\nwine-tasting at a winemaker\u00b4s premises<br \/>\r\n<br \/>\r\nPrice p.p. from<p class=\"preisab\"> 210,- \u20ac <\/p><\/div><a href=\"https:\/\/maerchenhotel.com\/en\/maerchenhotel-mosel\/arrangement\/the-wine-of-the-gods\/\" class=\"more-link\">more<\/a><\/div><div class=\"col-lg-3 col-md-6 col-sm-12 teaseritem\"><img src=\"https:\/\/maerchenhotel.com\/wp-content\/uploads\/Teaser_F64176670_Ringe.jpg\" alt=\"One night in paradise\" class=\"fleximg\"><h3 class=\"h2\">One night in paradise<\/h3><div class=\"teaser_excerpt\">1 night in a romantic room<br \/>\r\n* a jacuzzi session in the afternoon in our spa with champagne and canapes<br \/>\r\n* Candle light 5 course meal with corresponding wines<br \/>\r\n* ...<br \/>\r\n<br \/>\r\nPrice p.p.<p class=\"preisab\"> 199,- \u20ac <\/p><\/div><a href=\"https:\/\/maerchenhotel.com\/en\/maerchenhotel-mosel\/arrangement\/one-night-in-paradise-2\/\" class=\"more-link\">more<\/a><\/div><\/div><\/div><\/div>\n","protected":false},"excerpt":{"rendered":"<p>Our fairy tale rooms The themed hotel is made of individually named rooms, each sculpted like a different fairy tale. With charm and character, each room will transport you to a magical world. We offer many packages to make your stay in Bernkastel a pleasant experience and lets you take in the wine culture of &#8230; <a class=\"read-more link_pfeil\" href=\"https:\/\/maerchenhotel.com\/en\/hotel-mosel\/fairy-tale-hotel\/\">read more<\/a><\/p>\n","protected":false},"author":18,"featured_media":0,"parent":1773,"menu_order":1,"comment_status":"open","ping_status":"closed","template":"","meta":[],"acf":[],"_links":{"self":[{"href":"https:\/\/maerchenhotel.com\/en\/wp-json\/wp\/v2\/pages\/392"}],"collection":[{"href":"https:\/\/maerchenhotel.com\/en\/wp-json\/wp\/v2\/pages"}],"about":[{"href":"https:\/\/maerchenhotel.com\/en\/wp-json\/wp\/v2\/types\/page"}],"author":[{"embeddable":true,"href":"https:\/\/maerchenhotel.com\/en\/wp-json\/wp\/v2\/users\/18"}],"replies":[{"embeddable":true,"href":"https:\/\/maerchenhotel.com\/en\/wp-json\/wp\/v2\/comments?post=392"}],"version-history":[{"count":0,"href":"https:\/\/maerchenhotel.com\/en\/wp-json\/wp\/v2\/pages\/392\/revisions"}],"up":[{"embeddable":true,"href":"https:\/\/maerchenhotel.com\/en\/wp-json\/wp\/v2\/pages\/1773"}],"wp:attachment":[{"href":"https:\/\/maerchenhotel.com\/en\/wp-json\/wp\/v2\/media?parent=392"}],"curies":[{"name":"wp","href":"https:\/\/api.w.org\/{rel}","templated":true}]}}