{"id":8453,"date":"2015-10-26T12:09:18","date_gmt":"2015-10-26T11:09:18","guid":{"rendered":"http:\/\/maerchenhotel.com\/?page_id=8453"},"modified":"2019-03-13T16:45:24","modified_gmt":"2019-03-13T15:45:24","slug":"umgebung","status":"publish","type":"page","link":"https:\/\/maerchenhotel.com\/en\/hotel-mosel\/umgebung\/","title":{"rendered":"Umgebung"},"content":{"rendered":"<h1 style=\"text-align: center;\">Eine Region zum Verlieben<\/h1>\n<div class=\"row\">\n<div class=\"col-lg-4 col-md-4 col-xs-12\"><img decoding=\"async\" loading=\"lazy\" class=\"alignnone size-full wp-image-8176\" src=\"https:\/\/maerchenhotel.com\/wp-content\/uploads\/bernkastel.jpg\" alt=\"bernkastel\" width=\"242\" height=\"333\" srcset=\"https:\/\/maerchenhotel.com\/wp-content\/uploads\/bernkastel.jpg 242w, https:\/\/maerchenhotel.com\/wp-content\/uploads\/bernkastel-109x150.jpg 109w\" sizes=\"(max-width: 242px) 100vw, 242px\" \/><\/div>\n<div class=\"col-lg-8 col-md-8 col-xs-12\">\n<h4>Bernkastel-Kues<\/h4>\n<p>Das M\u00e4rchenhotel liegt mitten in der malerischen Altstadt von Bernkastel-Kues mit ihren pittoresken Fachwerkh\u00e4usern. Gerne wird die Doppelstadt an der Mosel auch als das Herz der Mittelmosel bezeichnet. Bernkastel-Kues gilt als beliebtestes St\u00e4dtchen und Zentrum der Mittelmosel, denn in kaum einen anderen Ort an der Mosel kommen so viele G\u00e4ste im Jahr, um die WeinKulturLandschaft und die historische Altstadt der \u201eStadt der Reben und des Weines\u201c zu genie\u00dfen..<\/p>\n<p><a class=\"link_pfeil\" href=\"https:\/\/maerchenhotel.com\/maerchenhotel-mosel\/bernkastel-kues\/\">Mehr zu Bernkastel-Kues<\/a><\/p>\n<\/div>\n<\/div>\n<hr \/>\n<div class=\"row\">\n<div class=\"col-lg-4 col-md-4 col-xs-12\"><img decoding=\"async\" loading=\"lazy\" class=\"alignnone size-full wp-image-8180\" src=\"https:\/\/maerchenhotel.com\/wp-content\/uploads\/wandern_mosel.jpg\" alt=\"wandern_mosel\" width=\"242\" height=\"333\" srcset=\"https:\/\/maerchenhotel.com\/wp-content\/uploads\/wandern_mosel.jpg 242w, https:\/\/maerchenhotel.com\/wp-content\/uploads\/wandern_mosel-109x150.jpg 109w\" sizes=\"(max-width: 242px) 100vw, 242px\" \/><\/div>\n<div class=\"col-lg-8 col-md-8 col-xs-12\">\n<h4>Wandern &amp; Radeln<\/h4>\n<p>Die Mosel\u00a0bietet zahlreiche M\u00f6glichkeiten f\u00fcr eine aktive Freizeitgestaltung an der frischen Luft. Ob Wandern oder Radfahren, f\u00fcr beide Aktivit\u00e4ten begeistert das Moseltal mit einem\u00a0\u00a0aussichtsreichen Wegenetz. Dabei\u00a0f\u00fchren sie zu historischen Kultur-Erlebnissen ebenso wie zu beeindruckenden Aussichtspunkten.<\/p>\n<p><a class=\"link_pfeil\" href=\"https:\/\/maerchenhotel.com\/maerchenhotel-mosel\/umgebung\/wandern-radeln\/\">Wandern &amp; Radeln<\/a><\/p>\n<\/div>\n<\/div>\n","protected":false},"excerpt":{"rendered":"<p>Eine Region zum Verlieben Bernkastel-Kues Das M\u00e4rchenhotel liegt mitten in der malerischen Altstadt von Bernkastel-Kues mit ihren pittoresken Fachwerkh\u00e4usern. Gerne wird die Doppelstadt an der Mosel auch als das Herz der Mittelmosel bezeichnet. Bernkastel-Kues gilt als beliebtestes St\u00e4dtchen und Zentrum der Mittelmosel, denn in kaum einen anderen Ort an der Mosel kommen so viele G\u00e4ste &#8230; <a class=\"read-more link_pfeil\" href=\"https:\/\/maerchenhotel.com\/en\/hotel-mosel\/umgebung\/\">read more<\/a><\/p>\n","protected":false},"author":10,"featured_media":0,"parent":1773,"menu_order":0,"comment_status":"closed","ping_status":"closed","template":"spa_service.php","meta":[],"acf":[],"_links":{"self":[{"href":"https:\/\/maerchenhotel.com\/en\/wp-json\/wp\/v2\/pages\/8453"}],"collection":[{"href":"https:\/\/maerchenhotel.com\/en\/wp-json\/wp\/v2\/pages"}],"about":[{"href":"https:\/\/maerchenhotel.com\/en\/wp-json\/wp\/v2\/types\/page"}],"author":[{"embeddable":true,"href":"https:\/\/maerchenhotel.com\/en\/wp-json\/wp\/v2\/users\/10"}],"replies":[{"embeddable":true,"href":"https:\/\/maerchenhotel.com\/en\/wp-json\/wp\/v2\/comments?post=8453"}],"version-history":[{"count":1,"href":"https:\/\/maerchenhotel.com\/en\/wp-json\/wp\/v2\/pages\/8453\/revisions"}],"predecessor-version":[{"id":14218,"href":"https:\/\/maerchenhotel.com\/en\/wp-json\/wp\/v2\/pages\/8453\/revisions\/14218"}],"up":[{"embeddable":true,"href":"https:\/\/maerchenhotel.com\/en\/wp-json\/wp\/v2\/pages\/1773"}],"wp:attachment":[{"href":"https:\/\/maerchenhotel.com\/en\/wp-json\/wp\/v2\/media?parent=8453"}],"curies":[{"name":"wp","href":"https:\/\/api.w.org\/{rel}","templated":true}]}}