{"id":9642,"date":"2015-11-26T11:33:07","date_gmt":"2015-11-26T10:33:07","guid":{"rendered":"http:\/\/maerchenhotel.com\/en\/?page_id=9642"},"modified":"2015-11-26T18:28:47","modified_gmt":"2015-11-26T17:28:47","slug":"wine-tasting-wine-museum","status":"publish","type":"page","link":"https:\/\/maerchenhotel.com\/en\/hotel-mosel\/free-time\/wine-tasting-wine-museum\/","title":{"rendered":"wine museum"},"content":{"rendered":"<h1>Multimedial experiences of the Mosel wine culture!<\/h1>\n<p>Enjoy in peace and quiet one of the most modern wine museums in Germany. Gather knowledge from over 100 information points mit many films and animations and then put this new found knowledge into action with a wine tasting session and the Mosel Wine Shop.<\/p>\n<p>In the historical vaulted cellars of the St Nikolaus Hospital, there is a very special mosel cultured wine shop. Over 160 wines ranging from Qualit\u00e4tswein, Hochgew\u00e4chs, Kabinett, Sp\u00e4tlese und Auslese, Beerenauslese and Trockenbeerauslese to specialities such as Eiswein await to tingle both your sense of smell and taste. A representative overview of the different wines of a whole region\u2026<\/p>\n<p>Price per person\u00a0<strong>20,-\u20ac<\/strong><\/p>\n<figure><img decoding=\"async\" loading=\"lazy\" class=\"alignnone size-full wp-image-9613\" src=\"https:\/\/maerchenhotel.com\/wp-content\/uploads\/weinmuseum1-1.jpg\" alt=\"weinmuseum1 (1)\" width=\"620\" height=\"440\" srcset=\"https:\/\/maerchenhotel.com\/wp-content\/uploads\/weinmuseum1-1.jpg 620w, https:\/\/maerchenhotel.com\/wp-content\/uploads\/weinmuseum1-1-150x106.jpg 150w\" sizes=\"(max-width: 620px) 100vw, 620px\" \/><\/figure>\n<div class=\"row\">\n<div class=\"col-lg-6 col-md-6 col-xs-12\"><img decoding=\"async\" loading=\"lazy\" class=\"alignnone wp-image-9617 size-full\" src=\"https:\/\/maerchenhotel.com\/wp-content\/uploads\/weinmuseum5.jpg\" alt=\"weinmuseum5\" width=\"620\" height=\"440\" srcset=\"https:\/\/maerchenhotel.com\/wp-content\/uploads\/weinmuseum5.jpg 620w, https:\/\/maerchenhotel.com\/wp-content\/uploads\/weinmuseum5-150x106.jpg 150w\" sizes=\"(max-width: 620px) 100vw, 620px\" \/><\/div>\n<div class=\"col-lg-6 col-md-6 col-xs-12\">\n<img decoding=\"async\" loading=\"lazy\" class=\"alignnone wp-image-9615 size-full\" src=\"https:\/\/maerchenhotel.com\/wp-content\/uploads\/weinmuseum3.jpg\" alt=\"weinmuseum3\" width=\"620\" height=\"440\" srcset=\"https:\/\/maerchenhotel.com\/wp-content\/uploads\/weinmuseum3.jpg 620w, https:\/\/maerchenhotel.com\/wp-content\/uploads\/weinmuseum3-150x106.jpg 150w\" sizes=\"(max-width: 620px) 100vw, 620px\" \/><\/div>\n<\/div>\n<figure><img decoding=\"async\" loading=\"lazy\" class=\"alignnone size-full wp-image-9614\" src=\"https:\/\/maerchenhotel.com\/wp-content\/uploads\/weinmuseum2-1.jpg\" alt=\"weinmuseum2 (1)\" width=\"620\" height=\"440\" srcset=\"https:\/\/maerchenhotel.com\/wp-content\/uploads\/weinmuseum2-1.jpg 620w, https:\/\/maerchenhotel.com\/wp-content\/uploads\/weinmuseum2-1-150x106.jpg 150w\" sizes=\"(max-width: 620px) 100vw, 620px\" \/><\/figure>\n","protected":false},"excerpt":{"rendered":"<p>Multimedial experiences of the Mosel wine culture! Enjoy in peace and quiet one of the most modern wine museums in Germany. Gather knowledge from over 100 information points mit many films and animations and then put this new found knowledge into action with a wine tasting session and the Mosel Wine Shop. In the historical &#8230; <a class=\"read-more link_pfeil\" href=\"https:\/\/maerchenhotel.com\/en\/hotel-mosel\/free-time\/wine-tasting-wine-museum\/\">read more<\/a><\/p>\n","protected":false},"author":10,"featured_media":0,"parent":7474,"menu_order":0,"comment_status":"closed","ping_status":"closed","template":"spa_service.php","meta":[],"acf":[],"_links":{"self":[{"href":"https:\/\/maerchenhotel.com\/en\/wp-json\/wp\/v2\/pages\/9642"}],"collection":[{"href":"https:\/\/maerchenhotel.com\/en\/wp-json\/wp\/v2\/pages"}],"about":[{"href":"https:\/\/maerchenhotel.com\/en\/wp-json\/wp\/v2\/types\/page"}],"author":[{"embeddable":true,"href":"https:\/\/maerchenhotel.com\/en\/wp-json\/wp\/v2\/users\/10"}],"replies":[{"embeddable":true,"href":"https:\/\/maerchenhotel.com\/en\/wp-json\/wp\/v2\/comments?post=9642"}],"version-history":[{"count":0,"href":"https:\/\/maerchenhotel.com\/en\/wp-json\/wp\/v2\/pages\/9642\/revisions"}],"up":[{"embeddable":true,"href":"https:\/\/maerchenhotel.com\/en\/wp-json\/wp\/v2\/pages\/7474"}],"wp:attachment":[{"href":"https:\/\/maerchenhotel.com\/en\/wp-json\/wp\/v2\/media?parent=9642"}],"curies":[{"name":"wp","href":"https:\/\/api.w.org\/{rel}","templated":true}]}}